{"id":2,"date":"2025-09-05T13:20:14","date_gmt":"2025-09-05T13:20:14","guid":{"rendered":"https:\/\/rebostecologic.rkinformatika.online\/?page_id=2"},"modified":"2025-11-21T10:26:13","modified_gmt":"2025-11-21T10:26:13","slug":"inicio","status":"publish","type":"page","link":"https:\/\/rebostecologic.com\/en\/","title":{"rendered":"Inicio"},"content":{"rendered":"\t\t<div data-elementor-type=\"wp-page\" data-elementor-id=\"2\" class=\"elementor elementor-2\" data-elementor-post-type=\"page\">\n\t\t\t\t\t\t<section class=\"elementor-section elementor-top-section elementor-element elementor-element-e261bdd elementor-section-boxed elementor-section-height-default elementor-section-height-default\" data-id=\"e261bdd\" data-element_type=\"section\" data-e-type=\"section\" data-settings=\"{&quot;background_background&quot;:&quot;slideshow&quot;,&quot;background_slideshow_gallery&quot;:[{&quot;id&quot;:80,&quot;url&quot;:&quot;https:\\\/\\\/rebostecologic.com\\\/wp-content\\\/uploads\\\/2025\\\/09\\\/13175870.jpg&quot;},{&quot;id&quot;:81,&quot;url&quot;:&quot;https:\\\/\\\/rebostecologic.com\\\/wp-content\\\/uploads\\\/2025\\\/09\\\/2148776497.jpg&quot;}],&quot;background_slideshow_ken_burns&quot;:&quot;yes&quot;,&quot;background_slideshow_loop&quot;:&quot;yes&quot;,&quot;background_slideshow_slide_duration&quot;:5000,&quot;background_slideshow_slide_transition&quot;:&quot;fade&quot;,&quot;background_slideshow_transition_duration&quot;:500,&quot;background_slideshow_ken_burns_zoom_direction&quot;:&quot;in&quot;}\">\n\t\t\t\t\t\t\t<div class=\"elementor-background-overlay\"><\/div>\n\t\t\t\t\t\t\t<div class=\"elementor-container elementor-column-gap-default\">\n\t\t\t\t\t<div class=\"elementor-column elementor-col-100 elementor-top-column elementor-element elementor-element-c3c57c8\" data-id=\"c3c57c8\" data-element_type=\"column\" data-e-type=\"column\">\n\t\t\t<div class=\"elementor-widget-wrap elementor-element-populated\">\n\t\t\t\t\t\t<div class=\"elementor-element elementor-element-e9fc859 elementor-invisible elementor-widget elementor-widget-heading\" data-id=\"e9fc859\" data-element_type=\"widget\" data-e-type=\"widget\" data-settings=\"{&quot;_animation&quot;:&quot;fadeInUp&quot;}\" data-widget_type=\"heading.default\">\n\t\t\t\t\t<h2 class=\"elementor-heading-title elementor-size-default\">Alimentaci\u00f3n Ecol\u00f3gica y herbolario<\/h2>\t\t\t\t<\/div>\n\t\t\t\t<div class=\"elementor-element elementor-element-f070a1b elementor-invisible elementor-widget elementor-widget-button\" data-id=\"f070a1b\" data-element_type=\"widget\" data-e-type=\"widget\" data-settings=\"{&quot;_animation&quot;:&quot;fadeInDown&quot;}\" data-widget_type=\"button.default\">\n\t\t\t\t\t\t\t\t\t\t<a class=\"elementor-button elementor-button-link elementor-size-sm elementor-animation-float\" href=\"\/servicios\">\n\t\t\t\t\t\t<span class=\"elementor-button-content-wrapper\">\n\t\t\t\t\t\t\t\t\t<span class=\"elementor-button-text\">Servicios<\/span>\n\t\t\t\t\t<\/span>\n\t\t\t\t\t<\/a>\n\t\t\t\t\t\t\t\t<\/div>\n\t\t\t\t\t<\/div>\n\t\t<\/div>\n\t\t\t\t\t<\/div>\n\t\t<\/section>\n\t\t\t\t<section class=\"elementor-section elementor-top-section elementor-element elementor-element-4475901 elementor-section-boxed elementor-section-height-default elementor-section-height-default\" data-id=\"4475901\" data-element_type=\"section\" data-e-type=\"section\">\n\t\t\t\t\t\t<div class=\"elementor-container elementor-column-gap-default\">\n\t\t\t\t\t<div class=\"elementor-column elementor-col-50 elementor-top-column elementor-element elementor-element-16c790b\" data-id=\"16c790b\" data-element_type=\"column\" data-e-type=\"column\">\n\t\t\t<div class=\"elementor-widget-wrap elementor-element-populated\">\n\t\t\t\t\t\t<div class=\"elementor-element elementor-element-d49abf0 elementor-widget elementor-widget-image\" data-id=\"d49abf0\" data-element_type=\"widget\" data-e-type=\"widget\" data-widget_type=\"image.default\">\n\t\t\t\t\t\t\t\t\t\t\t\t\t\t\t<img fetchpriority=\"high\" decoding=\"async\" width=\"960\" height=\"720\" src=\"https:\/\/rebostecologic.com\/wp-content\/uploads\/2025\/09\/unnamed-20.jpg\" class=\"attachment-full size-full wp-image-139\" alt=\"\" srcset=\"https:\/\/rebostecologic.com\/wp-content\/uploads\/2025\/09\/unnamed-20.jpg 960w, https:\/\/rebostecologic.com\/wp-content\/uploads\/2025\/09\/unnamed-20-300x225.jpg 300w, https:\/\/rebostecologic.com\/wp-content\/uploads\/2025\/09\/unnamed-20-768x576.jpg 768w, https:\/\/rebostecologic.com\/wp-content\/uploads\/2025\/09\/unnamed-20-16x12.jpg 16w\" sizes=\"(max-width: 960px) 100vw, 960px\" \/>\t\t\t\t\t\t\t\t\t\t\t\t\t\t\t<\/div>\n\t\t\t\t\t<\/div>\n\t\t<\/div>\n\t\t\t\t<div class=\"elementor-column elementor-col-50 elementor-top-column elementor-element elementor-element-bf2bf6f\" data-id=\"bf2bf6f\" data-element_type=\"column\" data-e-type=\"column\">\n\t\t\t<div class=\"elementor-widget-wrap elementor-element-populated\">\n\t\t\t\t\t\t<div class=\"elementor-element elementor-element-6a356c0 elementor-widget-divider--view-line elementor-widget elementor-widget-divider\" data-id=\"6a356c0\" data-element_type=\"widget\" data-e-type=\"widget\" data-widget_type=\"divider.default\">\n\t\t\t\t\t\t\t<div class=\"elementor-divider\">\n\t\t\t<span class=\"elementor-divider-separator\">\n\t\t\t\t\t\t<\/span>\n\t\t<\/div>\n\t\t\t\t\t\t<\/div>\n\t\t\t\t<div class=\"elementor-element elementor-element-8c8d6eb elementor-invisible elementor-widget elementor-widget-heading\" data-id=\"8c8d6eb\" data-element_type=\"widget\" data-e-type=\"widget\" data-settings=\"{&quot;_animation&quot;:&quot;fadeIn&quot;,&quot;_animation_delay&quot;:50}\" data-widget_type=\"heading.default\">\n\t\t\t\t\t<h2 class=\"elementor-heading-title elementor-size-default\">Historia<\/h2>\t\t\t\t<\/div>\n\t\t\t\t<div class=\"elementor-element elementor-element-627fa10 eael-dual-header-content-align-left e-transform elementor-widget elementor-widget-eael-dual-color-header\" data-id=\"627fa10\" data-element_type=\"widget\" data-e-type=\"widget\" data-settings=\"{&quot;_transform_skewX_effect&quot;:{&quot;unit&quot;:&quot;px&quot;,&quot;size&quot;:&quot;&quot;,&quot;sizes&quot;:[]},&quot;_transform_skewX_effect_tablet&quot;:{&quot;unit&quot;:&quot;deg&quot;,&quot;size&quot;:&quot;&quot;,&quot;sizes&quot;:[]},&quot;_transform_skewX_effect_mobile&quot;:{&quot;unit&quot;:&quot;deg&quot;,&quot;size&quot;:&quot;&quot;,&quot;sizes&quot;:[]},&quot;_transform_skewY_effect&quot;:{&quot;unit&quot;:&quot;px&quot;,&quot;size&quot;:&quot;&quot;,&quot;sizes&quot;:[]},&quot;_transform_skewY_effect_tablet&quot;:{&quot;unit&quot;:&quot;deg&quot;,&quot;size&quot;:&quot;&quot;,&quot;sizes&quot;:[]},&quot;_transform_skewY_effect_mobile&quot;:{&quot;unit&quot;:&quot;deg&quot;,&quot;size&quot;:&quot;&quot;,&quot;sizes&quot;:[]}}\" data-widget_type=\"eael-dual-color-header.default\">\n\t\t\t\t\t\t\t\t<div class=\"eael-dual-header\">\n\t\t\t\t<h2 class=\"title eael-dch-title\"><span class=\"eael-dch-title-text eael-dch-title-lead lead solid-color\">Sobre<br><\/span> <span class=\"eael-dch-title-text\">Nosotros<\/span><\/h2>\t\t\t<\/div>\n\n\t\t\t\t\t\t<\/div>\n\t\t\t\t<div class=\"elementor-element elementor-element-f27af43 elementor-widget elementor-widget-text-editor\" data-id=\"f27af43\" data-element_type=\"widget\" data-e-type=\"widget\" data-widget_type=\"text-editor.default\">\n\t\t\t\t\t\t\t\t\t<p>Es una tienda de alimentaci\u00f3n, cosm\u00e9tica ecol\u00f3gica, y complementos de fitoterapia (herbolario) que naci\u00f3 hace 26 a\u00f1os con la intenci\u00f3n de ofrecer un servicio de calidad a todas las personas que, al igual que yo, ten\u00edan la inquietud de ser respetuosos con el medio ambiente y con la salud, as\u00ed como con el cuidado personal.\u00a0<\/p>\t\t\t\t\t\t\t\t<\/div>\n\t\t\t\t\t<\/div>\n\t\t<\/div>\n\t\t\t\t\t<\/div>\n\t\t<\/section>\n\t\t\t\t<section class=\"elementor-section elementor-top-section elementor-element elementor-element-a1def48 elementor-section-boxed elementor-section-height-default elementor-section-height-default\" data-id=\"a1def48\" data-element_type=\"section\" data-e-type=\"section\">\n\t\t\t\t\t\t<div class=\"elementor-container elementor-column-gap-default\">\n\t\t\t\t\t<div class=\"elementor-column elementor-col-50 elementor-top-column elementor-element elementor-element-a9a9f58\" data-id=\"a9a9f58\" data-element_type=\"column\" data-e-type=\"column\">\n\t\t\t<div class=\"elementor-widget-wrap elementor-element-populated\">\n\t\t\t\t\t\t<div class=\"elementor-element elementor-element-175d2f0 elementor-invisible elementor-widget elementor-widget-heading\" data-id=\"175d2f0\" data-element_type=\"widget\" data-e-type=\"widget\" data-settings=\"{&quot;_animation&quot;:&quot;fadeIn&quot;,&quot;_animation_delay&quot;:50}\" data-widget_type=\"heading.default\">\n\t\t\t\t\t<h2 class=\"elementor-heading-title elementor-size-default\">misi\u00f3n<\/h2>\t\t\t\t<\/div>\n\t\t\t\t<div class=\"elementor-element elementor-element-49ef0e8 eael-dual-header-content-align-left e-transform elementor-widget elementor-widget-eael-dual-color-header\" data-id=\"49ef0e8\" data-element_type=\"widget\" data-e-type=\"widget\" data-settings=\"{&quot;_transform_skewX_effect&quot;:{&quot;unit&quot;:&quot;px&quot;,&quot;size&quot;:&quot;&quot;,&quot;sizes&quot;:[]},&quot;_transform_skewX_effect_tablet&quot;:{&quot;unit&quot;:&quot;deg&quot;,&quot;size&quot;:&quot;&quot;,&quot;sizes&quot;:[]},&quot;_transform_skewX_effect_mobile&quot;:{&quot;unit&quot;:&quot;deg&quot;,&quot;size&quot;:&quot;&quot;,&quot;sizes&quot;:[]},&quot;_transform_skewY_effect&quot;:{&quot;unit&quot;:&quot;px&quot;,&quot;size&quot;:&quot;&quot;,&quot;sizes&quot;:[]},&quot;_transform_skewY_effect_tablet&quot;:{&quot;unit&quot;:&quot;deg&quot;,&quot;size&quot;:&quot;&quot;,&quot;sizes&quot;:[]},&quot;_transform_skewY_effect_mobile&quot;:{&quot;unit&quot;:&quot;deg&quot;,&quot;size&quot;:&quot;&quot;,&quot;sizes&quot;:[]}}\" data-widget_type=\"eael-dual-color-header.default\">\n\t\t\t\t\t\t\t\t<div class=\"eael-dual-header\">\n\t\t\t\t<h2 class=\"title eael-dch-title\"><span class=\"eael-dch-title-text eael-dch-title-lead lead solid-color\">Nuestra<br><\/span> <span class=\"eael-dch-title-text\">Misi\u00f3n<\/span><\/h2>\t\t\t<\/div>\n\n\t\t\t\t\t\t<\/div>\n\t\t\t\t<div class=\"elementor-element elementor-element-1a2433d elementor-widget elementor-widget-text-editor\" data-id=\"1a2433d\" data-element_type=\"widget\" data-e-type=\"widget\" data-widget_type=\"text-editor.default\">\n\t\t\t\t\t\t\t\t\t<p>Desde nuestros inicios, nos hemos esforzado por brindar una variedad de productos que promueven un estilo de vida saludable y sostenible. Nuestra misi\u00f3n es no solo satisfacer las necesidades de nuestros clientes, sino tambi\u00e9n educarlos sobre la importancia de elegir productos que sean amigables con la naturaleza y beneficiosos para su bienestar integral.<\/p>\t\t\t\t\t\t\t\t<\/div>\n\t\t\t\t\t<\/div>\n\t\t<\/div>\n\t\t\t\t<div class=\"elementor-column elementor-col-50 elementor-top-column elementor-element elementor-element-6e8a1f4\" data-id=\"6e8a1f4\" data-element_type=\"column\" data-e-type=\"column\">\n\t\t\t<div class=\"elementor-widget-wrap elementor-element-populated\">\n\t\t\t\t\t\t<div class=\"elementor-element elementor-element-5e645e4 elementor-widget elementor-widget-image\" data-id=\"5e645e4\" data-element_type=\"widget\" data-e-type=\"widget\" data-widget_type=\"image.default\">\n\t\t\t\t\t\t\t\t\t\t\t\t\t\t\t<img decoding=\"async\" width=\"1360\" height=\"1020\" src=\"https:\/\/rebostecologic.com\/wp-content\/uploads\/2025\/09\/unnamed-1.jpg\" class=\"attachment-full size-full wp-image-138\" alt=\"\" srcset=\"https:\/\/rebostecologic.com\/wp-content\/uploads\/2025\/09\/unnamed-1.jpg 1360w, https:\/\/rebostecologic.com\/wp-content\/uploads\/2025\/09\/unnamed-1-300x225.jpg 300w, https:\/\/rebostecologic.com\/wp-content\/uploads\/2025\/09\/unnamed-1-1024x768.jpg 1024w, https:\/\/rebostecologic.com\/wp-content\/uploads\/2025\/09\/unnamed-1-768x576.jpg 768w, https:\/\/rebostecologic.com\/wp-content\/uploads\/2025\/09\/unnamed-1-16x12.jpg 16w\" sizes=\"(max-width: 1360px) 100vw, 1360px\" \/>\t\t\t\t\t\t\t\t\t\t\t\t\t\t\t<\/div>\n\t\t\t\t\t<\/div>\n\t\t<\/div>\n\t\t\t\t\t<\/div>\n\t\t<\/section>\n\t\t<div class=\"elementor-element elementor-element-719eae0 e-flex e-con-boxed e-con e-parent\" data-id=\"719eae0\" data-element_type=\"container\" data-e-type=\"container\" data-settings=\"{&quot;background_background&quot;:&quot;classic&quot;}\">\n\t\t\t\t\t<div class=\"e-con-inner\">\n\t\t\t\t<div class=\"elementor-element elementor-element-4b4d9ed elementor-invisible elementor-widget elementor-widget-heading\" data-id=\"4b4d9ed\" data-element_type=\"widget\" data-e-type=\"widget\" data-settings=\"{&quot;_animation&quot;:&quot;fadeInDown&quot;}\" data-widget_type=\"heading.default\">\n\t\t\t\t\t<h2 class=\"elementor-heading-title elementor-size-default\">\u00a1Tenemos una secci\u00f3n de librer\u00eda de crecimiento personal y salud!<\/h2>\t\t\t\t<\/div>\n\t\t\t\t<div class=\"elementor-element elementor-element-cf0403e elementor-invisible elementor-widget elementor-widget-button\" data-id=\"cf0403e\" data-element_type=\"widget\" data-e-type=\"widget\" data-settings=\"{&quot;_animation&quot;:&quot;fadeInDown&quot;}\" data-widget_type=\"button.default\">\n\t\t\t\t\t\t\t\t\t\t<a class=\"elementor-button elementor-button-link elementor-size-sm elementor-animation-float\" href=\"https:\/\/rebostecologic.com\/servicios\/\">\n\t\t\t\t\t\t<span class=\"elementor-button-content-wrapper\">\n\t\t\t\t\t\t\t\t\t<span class=\"elementor-button-text\">Servicios<\/span>\n\t\t\t\t\t<\/span>\n\t\t\t\t\t<\/a>\n\t\t\t\t\t\t\t\t<\/div>\n\t\t\t\t\t<\/div>\n\t\t\t\t<\/div>\n\t\t\t\t<section class=\"elementor-section elementor-top-section elementor-element elementor-element-6f1f051 elementor-section-boxed elementor-section-height-default elementor-section-height-default\" data-id=\"6f1f051\" data-element_type=\"section\" data-e-type=\"section\">\n\t\t\t\t\t\t<div class=\"elementor-container elementor-column-gap-default\">\n\t\t\t\t\t<div class=\"elementor-column elementor-col-50 elementor-top-column elementor-element elementor-element-e859588\" data-id=\"e859588\" data-element_type=\"column\" data-e-type=\"column\">\n\t\t\t<div class=\"elementor-widget-wrap elementor-element-populated\">\n\t\t\t\t\t\t<div class=\"elementor-element elementor-element-ad9bf25 elementor-widget elementor-widget-image\" data-id=\"ad9bf25\" data-element_type=\"widget\" data-e-type=\"widget\" data-widget_type=\"image.default\">\n\t\t\t\t\t\t\t\t\t\t\t\t\t\t\t<img decoding=\"async\" width=\"1509\" height=\"906\" src=\"https:\/\/rebostecologic.com\/wp-content\/uploads\/2025\/09\/505715677_3295271040627726_4500164924061624664_n.jpg\" class=\"attachment-full size-full wp-image-109\" alt=\"\" srcset=\"https:\/\/rebostecologic.com\/wp-content\/uploads\/2025\/09\/505715677_3295271040627726_4500164924061624664_n.jpg 1509w, https:\/\/rebostecologic.com\/wp-content\/uploads\/2025\/09\/505715677_3295271040627726_4500164924061624664_n-300x180.jpg 300w, https:\/\/rebostecologic.com\/wp-content\/uploads\/2025\/09\/505715677_3295271040627726_4500164924061624664_n-1024x615.jpg 1024w, https:\/\/rebostecologic.com\/wp-content\/uploads\/2025\/09\/505715677_3295271040627726_4500164924061624664_n-768x461.jpg 768w, https:\/\/rebostecologic.com\/wp-content\/uploads\/2025\/09\/505715677_3295271040627726_4500164924061624664_n-18x12.jpg 18w\" sizes=\"(max-width: 1509px) 100vw, 1509px\" \/>\t\t\t\t\t\t\t\t\t\t\t\t\t\t\t<\/div>\n\t\t\t\t\t<\/div>\n\t\t<\/div>\n\t\t\t\t<div class=\"elementor-column elementor-col-50 elementor-top-column elementor-element elementor-element-8e828f9\" data-id=\"8e828f9\" data-element_type=\"column\" data-e-type=\"column\">\n\t\t\t<div class=\"elementor-widget-wrap elementor-element-populated\">\n\t\t\t\t\t\t<div class=\"elementor-element elementor-element-86660d4 eael-dual-header-content-align-left e-transform elementor-widget elementor-widget-eael-dual-color-header\" data-id=\"86660d4\" data-element_type=\"widget\" data-e-type=\"widget\" data-settings=\"{&quot;_transform_skewX_effect&quot;:{&quot;unit&quot;:&quot;px&quot;,&quot;size&quot;:&quot;&quot;,&quot;sizes&quot;:[]},&quot;_transform_skewX_effect_tablet&quot;:{&quot;unit&quot;:&quot;deg&quot;,&quot;size&quot;:&quot;&quot;,&quot;sizes&quot;:[]},&quot;_transform_skewX_effect_mobile&quot;:{&quot;unit&quot;:&quot;deg&quot;,&quot;size&quot;:&quot;&quot;,&quot;sizes&quot;:[]},&quot;_transform_skewY_effect&quot;:{&quot;unit&quot;:&quot;px&quot;,&quot;size&quot;:&quot;&quot;,&quot;sizes&quot;:[]},&quot;_transform_skewY_effect_tablet&quot;:{&quot;unit&quot;:&quot;deg&quot;,&quot;size&quot;:&quot;&quot;,&quot;sizes&quot;:[]},&quot;_transform_skewY_effect_mobile&quot;:{&quot;unit&quot;:&quot;deg&quot;,&quot;size&quot;:&quot;&quot;,&quot;sizes&quot;:[]}}\" data-widget_type=\"eael-dual-color-header.default\">\n\t\t\t\t\t\t\t\t<div class=\"eael-dual-header\">\n\t\t\t\t<h2 class=\"title eael-dch-title\"><span class=\"eael-dch-title-text eael-dch-title-lead lead solid-color\">nuestros <br><\/span> <span class=\"eael-dch-title-text\">Productos<\/span><\/h2>\t\t\t<\/div>\n\n\t\t\t\t\t\t<\/div>\n\t\t\t\t<div class=\"elementor-element elementor-element-0078bb7 elementor-invisible elementor-widget elementor-widget-heading\" data-id=\"0078bb7\" data-element_type=\"widget\" data-e-type=\"widget\" data-settings=\"{&quot;_animation&quot;:&quot;fadeIn&quot;,&quot;_animation_delay&quot;:50}\" data-widget_type=\"heading.default\">\n\t\t\t\t\t<h2 class=\"elementor-heading-title elementor-size-default\">Diferentes marcas de fitoterapia, alimentaci\u00f3n y cosm\u00e9ticos bio<\/h2>\t\t\t\t<\/div>\n\t\t\t\t\t<\/div>\n\t\t<\/div>\n\t\t\t\t\t<\/div>\n\t\t<\/section>\n\t\t\t\t<\/div>\n\t\t","protected":false},"excerpt":{"rendered":"<p>Alimentaci\u00f3n Ecol\u00f3gica y herbolario Servicios Historia Sobre Nosotros Es una tienda de alimentaci\u00f3n, cosm\u00e9tica ecol\u00f3gica, y complementos de fitoterapia (herbolario) que naci\u00f3 hace 26 a\u00f1os con la intenci\u00f3n de ofrecer un servicio de calidad a todas las personas que, al igual que yo, ten\u00edan la inquietud de ser respetuosos con el medio ambiente y con [&hellip;]<\/p>\n","protected":false},"author":1,"featured_media":0,"parent":0,"menu_order":0,"comment_status":"closed","ping_status":"closed","template":"elementor_canvas","meta":{"footnotes":""},"class_list":["post-2","page","type-page","status-publish","hentry"],"yoast_head":"<!-- This site is optimized with the Yoast SEO plugin v27.3 - https:\/\/yoast.com\/product\/yoast-seo-wordpress\/ -->\n<title>Inicio - Rebost Ecol\u00f2gic 3<\/title>\n<meta name=\"robots\" content=\"index, follow, max-snippet:-1, max-image-preview:large, max-video-preview:-1\" \/>\n<link rel=\"canonical\" href=\"https:\/\/rebostecologic.com\/en\/\" \/>\n<meta property=\"og:locale\" content=\"en_US\" \/>\n<meta property=\"og:type\" content=\"article\" \/>\n<meta property=\"og:title\" content=\"Inicio - Rebost Ecol\u00f2gic 3\" \/>\n<meta property=\"og:description\" content=\"Alimentaci\u00f3n Ecol\u00f3gica y herbolario Servicios Historia Sobre Nosotros Es una tienda de alimentaci\u00f3n, cosm\u00e9tica ecol\u00f3gica, y complementos de fitoterapia (herbolario) que naci\u00f3 hace 26 a\u00f1os con la intenci\u00f3n de ofrecer un servicio de calidad a todas las personas que, al igual que yo, ten\u00edan la inquietud de ser respetuosos con el medio ambiente y con [&hellip;]\" \/>\n<meta property=\"og:url\" content=\"https:\/\/rebostecologic.com\/en\/\" \/>\n<meta property=\"og:site_name\" content=\"Rebost Ecol\u00f2gic 3\" \/>\n<meta property=\"article:modified_time\" content=\"2025-11-21T10:26:13+00:00\" \/>\n<meta property=\"og:image\" content=\"https:\/\/rebostecologic.com\/wp-content\/uploads\/2025\/09\/unnamed-20.jpg\" \/>\n\t<meta property=\"og:image:width\" content=\"960\" \/>\n\t<meta property=\"og:image:height\" content=\"720\" \/>\n\t<meta property=\"og:image:type\" content=\"image\/jpeg\" \/>\n<meta name=\"twitter:card\" content=\"summary_large_image\" \/>\n<meta name=\"twitter:label1\" content=\"Est. reading time\" \/>\n\t<meta name=\"twitter:data1\" content=\"1 minute\" \/>\n<script type=\"application\/ld+json\" class=\"yoast-schema-graph\">{\"@context\":\"https:\\\/\\\/schema.org\",\"@graph\":[{\"@type\":\"WebPage\",\"@id\":\"https:\\\/\\\/rebostecologic.com\\\/\",\"url\":\"https:\\\/\\\/rebostecologic.com\\\/\",\"name\":\"Inicio - Rebost Ecol\u00f2gic 3\",\"isPartOf\":{\"@id\":\"https:\\\/\\\/rebostecologic.com\\\/#website\"},\"primaryImageOfPage\":{\"@id\":\"https:\\\/\\\/rebostecologic.com\\\/#primaryimage\"},\"image\":{\"@id\":\"https:\\\/\\\/rebostecologic.com\\\/#primaryimage\"},\"thumbnailUrl\":\"https:\\\/\\\/rebostecologic.com\\\/wp-content\\\/uploads\\\/2025\\\/09\\\/unnamed-20.jpg\",\"datePublished\":\"2025-09-05T13:20:14+00:00\",\"dateModified\":\"2025-11-21T10:26:13+00:00\",\"breadcrumb\":{\"@id\":\"https:\\\/\\\/rebostecologic.com\\\/#breadcrumb\"},\"inLanguage\":\"en-US\",\"potentialAction\":[{\"@type\":\"ReadAction\",\"target\":[\"https:\\\/\\\/rebostecologic.com\\\/\"]}]},{\"@type\":\"ImageObject\",\"inLanguage\":\"en-US\",\"@id\":\"https:\\\/\\\/rebostecologic.com\\\/#primaryimage\",\"url\":\"https:\\\/\\\/rebostecologic.com\\\/wp-content\\\/uploads\\\/2025\\\/09\\\/unnamed-20.jpg\",\"contentUrl\":\"https:\\\/\\\/rebostecologic.com\\\/wp-content\\\/uploads\\\/2025\\\/09\\\/unnamed-20.jpg\"},{\"@type\":\"BreadcrumbList\",\"@id\":\"https:\\\/\\\/rebostecologic.com\\\/#breadcrumb\",\"itemListElement\":[{\"@type\":\"ListItem\",\"position\":1,\"name\":\"Portada\",\"item\":\"https:\\\/\\\/rebostecologic.com\\\/\"},{\"@type\":\"ListItem\",\"position\":2,\"name\":\"Inicio\"}]},{\"@type\":\"WebSite\",\"@id\":\"https:\\\/\\\/rebostecologic.com\\\/#website\",\"url\":\"https:\\\/\\\/rebostecologic.com\\\/\",\"name\":\"Rebost Ecol\u00f2gic 3\",\"description\":\"Rebost Ecol\u00f2gic 3\",\"publisher\":{\"@id\":\"https:\\\/\\\/rebostecologic.com\\\/#organization\"},\"potentialAction\":[{\"@type\":\"SearchAction\",\"target\":{\"@type\":\"EntryPoint\",\"urlTemplate\":\"https:\\\/\\\/rebostecologic.com\\\/?s={search_term_string}\"},\"query-input\":{\"@type\":\"PropertyValueSpecification\",\"valueRequired\":true,\"valueName\":\"search_term_string\"}}],\"inLanguage\":\"en-US\"},{\"@type\":\"Organization\",\"@id\":\"https:\\\/\\\/rebostecologic.com\\\/#organization\",\"name\":\"Rebost Ecol\u00f2gic 3\",\"url\":\"https:\\\/\\\/rebostecologic.com\\\/\",\"logo\":{\"@type\":\"ImageObject\",\"inLanguage\":\"en-US\",\"@id\":\"https:\\\/\\\/rebostecologic.com\\\/#\\\/schema\\\/logo\\\/image\\\/\",\"url\":\"https:\\\/\\\/rebostecologic.com\\\/wp-content\\\/uploads\\\/2025\\\/09\\\/cropped-3.png\",\"contentUrl\":\"https:\\\/\\\/rebostecologic.com\\\/wp-content\\\/uploads\\\/2025\\\/09\\\/cropped-3.png\",\"width\":500,\"height\":300,\"caption\":\"Rebost Ecol\u00f2gic 3\"},\"image\":{\"@id\":\"https:\\\/\\\/rebostecologic.com\\\/#\\\/schema\\\/logo\\\/image\\\/\"}}]}<\/script>\n<!-- \/ Yoast SEO plugin. -->","yoast_head_json":{"title":"Inicio - Rebost Ecol\u00f2gic 3","robots":{"index":"index","follow":"follow","max-snippet":"max-snippet:-1","max-image-preview":"max-image-preview:large","max-video-preview":"max-video-preview:-1"},"canonical":"https:\/\/rebostecologic.com\/en\/","og_locale":"en_US","og_type":"article","og_title":"Inicio - Rebost Ecol\u00f2gic 3","og_description":"Alimentaci\u00f3n Ecol\u00f3gica y herbolario Servicios Historia Sobre Nosotros Es una tienda de alimentaci\u00f3n, cosm\u00e9tica ecol\u00f3gica, y complementos de fitoterapia (herbolario) que naci\u00f3 hace 26 a\u00f1os con la intenci\u00f3n de ofrecer un servicio de calidad a todas las personas que, al igual que yo, ten\u00edan la inquietud de ser respetuosos con el medio ambiente y con [&hellip;]","og_url":"https:\/\/rebostecologic.com\/en\/","og_site_name":"Rebost Ecol\u00f2gic 3","article_modified_time":"2025-11-21T10:26:13+00:00","og_image":[{"width":960,"height":720,"url":"https:\/\/rebostecologic.com\/wp-content\/uploads\/2025\/09\/unnamed-20.jpg","type":"image\/jpeg"}],"twitter_card":"summary_large_image","twitter_misc":{"Est. reading time":"1 minute"},"schema":{"@context":"https:\/\/schema.org","@graph":[{"@type":"WebPage","@id":"https:\/\/rebostecologic.com\/","url":"https:\/\/rebostecologic.com\/","name":"Inicio - Rebost Ecol\u00f2gic 3","isPartOf":{"@id":"https:\/\/rebostecologic.com\/#website"},"primaryImageOfPage":{"@id":"https:\/\/rebostecologic.com\/#primaryimage"},"image":{"@id":"https:\/\/rebostecologic.com\/#primaryimage"},"thumbnailUrl":"https:\/\/rebostecologic.com\/wp-content\/uploads\/2025\/09\/unnamed-20.jpg","datePublished":"2025-09-05T13:20:14+00:00","dateModified":"2025-11-21T10:26:13+00:00","breadcrumb":{"@id":"https:\/\/rebostecologic.com\/#breadcrumb"},"inLanguage":"en-US","potentialAction":[{"@type":"ReadAction","target":["https:\/\/rebostecologic.com\/"]}]},{"@type":"ImageObject","inLanguage":"en-US","@id":"https:\/\/rebostecologic.com\/#primaryimage","url":"https:\/\/rebostecologic.com\/wp-content\/uploads\/2025\/09\/unnamed-20.jpg","contentUrl":"https:\/\/rebostecologic.com\/wp-content\/uploads\/2025\/09\/unnamed-20.jpg"},{"@type":"BreadcrumbList","@id":"https:\/\/rebostecologic.com\/#breadcrumb","itemListElement":[{"@type":"ListItem","position":1,"name":"Portada","item":"https:\/\/rebostecologic.com\/"},{"@type":"ListItem","position":2,"name":"Inicio"}]},{"@type":"WebSite","@id":"https:\/\/rebostecologic.com\/#website","url":"https:\/\/rebostecologic.com\/","name":"Rebost Ecol\u00f2gic 3","description":"Rebost Ecol\u00f2gic 3","publisher":{"@id":"https:\/\/rebostecologic.com\/#organization"},"potentialAction":[{"@type":"SearchAction","target":{"@type":"EntryPoint","urlTemplate":"https:\/\/rebostecologic.com\/?s={search_term_string}"},"query-input":{"@type":"PropertyValueSpecification","valueRequired":true,"valueName":"search_term_string"}}],"inLanguage":"en-US"},{"@type":"Organization","@id":"https:\/\/rebostecologic.com\/#organization","name":"Rebost Ecol\u00f2gic 3","url":"https:\/\/rebostecologic.com\/","logo":{"@type":"ImageObject","inLanguage":"en-US","@id":"https:\/\/rebostecologic.com\/#\/schema\/logo\/image\/","url":"https:\/\/rebostecologic.com\/wp-content\/uploads\/2025\/09\/cropped-3.png","contentUrl":"https:\/\/rebostecologic.com\/wp-content\/uploads\/2025\/09\/cropped-3.png","width":500,"height":300,"caption":"Rebost Ecol\u00f2gic 3"},"image":{"@id":"https:\/\/rebostecologic.com\/#\/schema\/logo\/image\/"}}]}},"_links":{"self":[{"href":"https:\/\/rebostecologic.com\/en\/wp-json\/wp\/v2\/pages\/2","targetHints":{"allow":["GET"]}}],"collection":[{"href":"https:\/\/rebostecologic.com\/en\/wp-json\/wp\/v2\/pages"}],"about":[{"href":"https:\/\/rebostecologic.com\/en\/wp-json\/wp\/v2\/types\/page"}],"author":[{"embeddable":true,"href":"https:\/\/rebostecologic.com\/en\/wp-json\/wp\/v2\/users\/1"}],"replies":[{"embeddable":true,"href":"https:\/\/rebostecologic.com\/en\/wp-json\/wp\/v2\/comments?post=2"}],"version-history":[{"count":88,"href":"https:\/\/rebostecologic.com\/en\/wp-json\/wp\/v2\/pages\/2\/revisions"}],"predecessor-version":[{"id":465,"href":"https:\/\/rebostecologic.com\/en\/wp-json\/wp\/v2\/pages\/2\/revisions\/465"}],"wp:attachment":[{"href":"https:\/\/rebostecologic.com\/en\/wp-json\/wp\/v2\/media?parent=2"}],"curies":[{"name":"wp","href":"https:\/\/api.w.org\/{rel}","templated":true}]}}