{"id":6,"date":"2025-09-05T13:29:44","date_gmt":"2025-09-05T13:29:44","guid":{"rendered":"https:\/\/rebostecologic.rkinformatika.online\/?page_id=6"},"modified":"2025-09-09T09:39:21","modified_gmt":"2025-09-09T09:39:21","slug":"servicios","status":"publish","type":"page","link":"https:\/\/rebostecologic.com\/en\/servicios\/","title":{"rendered":"Services"},"content":{"rendered":"<div data-elementor-type=\"wp-page\" data-elementor-id=\"6\" class=\"elementor elementor-6\" data-elementor-post-type=\"page\">\n\t\t\t\t\t\t<section class=\"elementor-section elementor-top-section elementor-element elementor-element-e14f0bb elementor-section-boxed elementor-section-height-default elementor-section-height-default\" data-id=\"e14f0bb\" data-element_type=\"section\" data-e-type=\"section\" data-settings=\"{&quot;background_background&quot;:&quot;classic&quot;}\">\n\t\t\t\t\t\t<div class=\"elementor-container elementor-column-gap-default\">\n\t\t\t\t\t<div class=\"elementor-column elementor-col-100 elementor-top-column elementor-element elementor-element-55235e4\" data-id=\"55235e4\" data-element_type=\"column\" data-e-type=\"column\">\n\t\t\t<div class=\"elementor-widget-wrap\">\n\t\t\t\t\t\t\t<\/div>\n\t\t<\/div>\n\t\t\t\t\t<\/div>\n\t\t<\/section>\n\t\t\t\t<section class=\"elementor-section elementor-top-section elementor-element elementor-element-4bcf538 elementor-section-boxed elementor-section-height-default elementor-section-height-default\" data-id=\"4bcf538\" data-element_type=\"section\" data-e-type=\"section\">\n\t\t\t\t\t\t<div class=\"elementor-container elementor-column-gap-default\">\n\t\t\t\t\t<div class=\"elementor-column elementor-col-50 elementor-top-column elementor-element elementor-element-7b2dfca\" data-id=\"7b2dfca\" data-element_type=\"column\" data-e-type=\"column\">\n\t\t\t<div class=\"elementor-widget-wrap elementor-element-populated\">\n\t\t\t\t\t\t<div class=\"elementor-element elementor-element-27b6e02 eael-dual-header-content-align-left e-transform elementor-widget elementor-widget-eael-dual-color-header\" data-id=\"27b6e02\" data-element_type=\"widget\" data-e-type=\"widget\" data-settings=\"{&quot;_transform_skewX_effect&quot;:{&quot;unit&quot;:&quot;px&quot;,&quot;size&quot;:&quot;&quot;,&quot;sizes&quot;:[]},&quot;_transform_skewX_effect_tablet&quot;:{&quot;unit&quot;:&quot;deg&quot;,&quot;size&quot;:&quot;&quot;,&quot;sizes&quot;:[]},&quot;_transform_skewX_effect_mobile&quot;:{&quot;unit&quot;:&quot;deg&quot;,&quot;size&quot;:&quot;&quot;,&quot;sizes&quot;:[]},&quot;_transform_skewY_effect&quot;:{&quot;unit&quot;:&quot;px&quot;,&quot;size&quot;:&quot;&quot;,&quot;sizes&quot;:[]},&quot;_transform_skewY_effect_tablet&quot;:{&quot;unit&quot;:&quot;deg&quot;,&quot;size&quot;:&quot;&quot;,&quot;sizes&quot;:[]},&quot;_transform_skewY_effect_mobile&quot;:{&quot;unit&quot;:&quot;deg&quot;,&quot;size&quot;:&quot;&quot;,&quot;sizes&quot;:[]}}\" data-widget_type=\"eael-dual-color-header.default\">\n\t\t\t\t\t\t\t\t<div class=\"eael-dual-header\">\n\t\t\t\t<h1 class=\"title eael-dch-title\"><span class=\"eael-dch-title-text eael-dch-title-lead lead solid-color\">Nuestro<br><\/span> <span class=\"eael-dch-title-text\">Services<\/span><\/h1>\t\t\t<\/div>\n\n\t\t\t\t\t\t<\/div>\n\t\t\t\t<div class=\"elementor-element elementor-element-08ea696 elementor-invisible elementor-widget elementor-widget-heading\" data-id=\"08ea696\" data-element_type=\"widget\" data-e-type=\"widget\" data-settings=\"{&quot;_animation&quot;:&quot;fadeIn&quot;,&quot;_animation_delay&quot;:50}\" data-widget_type=\"heading.default\">\n\t\t\t\t\t<h2 class=\"elementor-heading-title elementor-size-default\">La tienda cuenta con diferentes marcas de fitoterapia , Alimentaci\u00f3n y cosm\u00e9tica bio.<\/h2>\t\t\t\t<\/div>\n\t\t\t\t\t<\/div>\n\t\t<\/div>\n\t\t\t\t<div class=\"elementor-column elementor-col-50 elementor-top-column elementor-element elementor-element-c43f78a\" data-id=\"c43f78a\" data-element_type=\"column\" data-e-type=\"column\">\n\t\t\t<div class=\"elementor-widget-wrap\">\n\t\t\t\t\t\t\t<\/div>\n\t\t<\/div>\n\t\t\t\t\t<\/div>\n\t\t<\/section>\n\t\t<div class=\"elementor-element elementor-element-b8ffdde e-grid e-con-boxed e-con e-parent\" data-id=\"b8ffdde\" data-element_type=\"container\" data-e-type=\"container\">\n\t\t\t\t\t<div class=\"e-con-inner\">\n\t\t\t\t<div class=\"elementor-element elementor-element-db15539 elementor-widget elementor-widget-image\" data-id=\"db15539\" data-element_type=\"widget\" data-e-type=\"widget\" data-widget_type=\"image.default\">\n\t\t\t\t\t\t\t\t\t\t\t\t\t\t\t<img fetchpriority=\"high\" decoding=\"async\" width=\"765\" height=\"1020\" src=\"https:\/\/rebostecologic.com\/wp-content\/uploads\/2025\/09\/unnamed-7.jpg\" class=\"elementor-animation-float attachment-full size-full wp-image-132\" alt=\"\" srcset=\"https:\/\/rebostecologic.com\/wp-content\/uploads\/2025\/09\/unnamed-7.jpg 765w, https:\/\/rebostecologic.com\/wp-content\/uploads\/2025\/09\/unnamed-7-225x300.jpg 225w, https:\/\/rebostecologic.com\/wp-content\/uploads\/2025\/09\/unnamed-7-9x12.jpg 9w\" sizes=\"(max-width: 765px) 100vw, 765px\" \/>\t\t\t\t\t\t\t\t\t\t\t\t\t\t\t<\/div>\n\t\t\t\t<div class=\"elementor-element elementor-element-e5fa490 elementor-widget elementor-widget-image\" data-id=\"e5fa490\" data-element_type=\"widget\" data-e-type=\"widget\" data-widget_type=\"image.default\">\n\t\t\t\t\t\t\t\t\t\t\t\t\t\t\t<img decoding=\"async\" width=\"765\" height=\"1020\" src=\"https:\/\/rebostecologic.com\/wp-content\/uploads\/2025\/09\/unnamed-5.jpg\" class=\"elementor-animation-float attachment-full size-full wp-image-134\" alt=\"\" srcset=\"https:\/\/rebostecologic.com\/wp-content\/uploads\/2025\/09\/unnamed-5.jpg 765w, https:\/\/rebostecologic.com\/wp-content\/uploads\/2025\/09\/unnamed-5-225x300.jpg 225w, https:\/\/rebostecologic.com\/wp-content\/uploads\/2025\/09\/unnamed-5-9x12.jpg 9w\" sizes=\"(max-width: 765px) 100vw, 765px\" \/>\t\t\t\t\t\t\t\t\t\t\t\t\t\t\t<\/div>\n\t\t\t\t<div class=\"elementor-element elementor-element-0147867 elementor-widget elementor-widget-image\" data-id=\"0147867\" data-element_type=\"widget\" data-e-type=\"widget\" data-widget_type=\"image.default\">\n\t\t\t\t\t\t\t\t\t\t\t\t\t\t\t<img decoding=\"async\" width=\"765\" height=\"1020\" src=\"https:\/\/rebostecologic.com\/wp-content\/uploads\/2025\/09\/unnamed-16.jpg\" class=\"elementor-animation-float attachment-full size-full wp-image-123\" alt=\"\" srcset=\"https:\/\/rebostecologic.com\/wp-content\/uploads\/2025\/09\/unnamed-16.jpg 765w, https:\/\/rebostecologic.com\/wp-content\/uploads\/2025\/09\/unnamed-16-225x300.jpg 225w, https:\/\/rebostecologic.com\/wp-content\/uploads\/2025\/09\/unnamed-16-9x12.jpg 9w\" sizes=\"(max-width: 765px) 100vw, 765px\" \/>\t\t\t\t\t\t\t\t\t\t\t\t\t\t\t<\/div>\n\t\t\t\t\t<\/div>\n\t\t\t\t<\/div>\n\t\t<div class=\"elementor-element elementor-element-2d7199a e-flex e-con-boxed e-con e-parent\" data-id=\"2d7199a\" data-element_type=\"container\" data-e-type=\"container\" data-settings=\"{&quot;background_background&quot;:&quot;classic&quot;}\">\n\t\t\t\t\t<div class=\"e-con-inner\">\n\t\t\t\t<div class=\"elementor-element elementor-element-278b2eb elementor-invisible elementor-widget elementor-widget-heading\" data-id=\"278b2eb\" data-element_type=\"widget\" data-e-type=\"widget\" data-settings=\"{&quot;_animation&quot;:&quot;fadeInDown&quot;}\" data-widget_type=\"heading.default\">\n\t\t\t\t\t<h2 class=\"elementor-heading-title elementor-size-default\">Se hacen terapias con visita previa de Reiki, kinesiolog\u00eda y terapia floral (Flores de Bach)<\/h2>\t\t\t\t<\/div>\n\t\t\t\t<div class=\"elementor-element elementor-element-f16c0df elementor-invisible elementor-widget elementor-widget-button\" data-id=\"f16c0df\" data-element_type=\"widget\" data-e-type=\"widget\" data-settings=\"{&quot;_animation&quot;:&quot;fadeInDown&quot;}\" data-widget_type=\"button.default\">\n\t\t\t\t\t\t\t\t\t\t<a class=\"elementor-button elementor-button-link elementor-size-sm elementor-animation-float\" href=\"\/en\/contacto\/\">\n\t\t\t\t\t\t<span class=\"elementor-button-content-wrapper\">\n\t\t\t\t\t\t\t\t\t<span class=\"elementor-button-text\">Cont\u00e1ctanos<\/span>\n\t\t\t\t\t<\/span>\n\t\t\t\t\t<\/a>\n\t\t\t\t\t\t\t\t<\/div>\n\t\t\t\t\t<\/div>\n\t\t\t\t<\/div>\n\t\t\t\t<section class=\"elementor-section elementor-top-section elementor-element elementor-element-d5706a3 elementor-section-boxed elementor-section-height-default elementor-section-height-default\" data-id=\"d5706a3\" data-element_type=\"section\" data-e-type=\"section\">\n\t\t\t\t\t\t<div class=\"elementor-container elementor-column-gap-default\">\n\t\t\t\t\t<div class=\"elementor-column elementor-col-50 elementor-top-column elementor-element elementor-element-9423586\" data-id=\"9423586\" data-element_type=\"column\" data-e-type=\"column\">\n\t\t\t<div class=\"elementor-widget-wrap elementor-element-populated\">\n\t\t\t\t\t\t<div class=\"elementor-element elementor-element-c248990 eael-dual-header-content-align-left e-transform elementor-widget elementor-widget-eael-dual-color-header\" data-id=\"c248990\" data-element_type=\"widget\" data-e-type=\"widget\" data-settings=\"{&quot;_transform_skewX_effect&quot;:{&quot;unit&quot;:&quot;px&quot;,&quot;size&quot;:&quot;&quot;,&quot;sizes&quot;:[]},&quot;_transform_skewX_effect_tablet&quot;:{&quot;unit&quot;:&quot;deg&quot;,&quot;size&quot;:&quot;&quot;,&quot;sizes&quot;:[]},&quot;_transform_skewX_effect_mobile&quot;:{&quot;unit&quot;:&quot;deg&quot;,&quot;size&quot;:&quot;&quot;,&quot;sizes&quot;:[]},&quot;_transform_skewY_effect&quot;:{&quot;unit&quot;:&quot;px&quot;,&quot;size&quot;:&quot;&quot;,&quot;sizes&quot;:[]},&quot;_transform_skewY_effect_tablet&quot;:{&quot;unit&quot;:&quot;deg&quot;,&quot;size&quot;:&quot;&quot;,&quot;sizes&quot;:[]},&quot;_transform_skewY_effect_mobile&quot;:{&quot;unit&quot;:&quot;deg&quot;,&quot;size&quot;:&quot;&quot;,&quot;sizes&quot;:[]}}\" data-widget_type=\"eael-dual-color-header.default\">\n\t\t\t\t\t\t\t\t<div class=\"eael-dual-header\">\n\t\t\t\t<h1 class=\"title eael-dch-title\"><span class=\"eael-dch-title-text eael-dch-title-lead lead solid-color\">verduras<br><\/span> <span class=\"eael-dch-title-text\">y frutas<\/span><\/h1>\t\t\t<\/div>\n\n\t\t\t\t\t\t<\/div>\n\t\t\t\t<div class=\"elementor-element elementor-element-a0658ee elementor-invisible elementor-widget elementor-widget-heading\" data-id=\"a0658ee\" data-element_type=\"widget\" data-e-type=\"widget\" data-settings=\"{&quot;_animation&quot;:&quot;fadeIn&quot;,&quot;_animation_delay&quot;:50}\" data-widget_type=\"heading.default\">\n\t\t\t\t\t<h2 class=\"elementor-heading-title elementor-size-default\">Punto de recogida de verdura y fruta ecol\u00f3gica, embutidos, quesos y pan ecol\u00f3gico. <\/h2>\t\t\t\t<\/div>\n\t\t\t\t\t<\/div>\n\t\t<\/div>\n\t\t\t\t<div class=\"elementor-column elementor-col-50 elementor-top-column elementor-element elementor-element-3461410\" data-id=\"3461410\" data-element_type=\"column\" data-e-type=\"column\">\n\t\t\t<div class=\"elementor-widget-wrap elementor-element-populated\">\n\t\t\t\t\t\t<div class=\"elementor-element elementor-element-8f507c3 elementor-widget elementor-widget-image\" data-id=\"8f507c3\" data-element_type=\"widget\" data-e-type=\"widget\" data-widget_type=\"image.default\">\n\t\t\t\t\t\t\t\t\t\t\t\t\t\t\t<img loading=\"lazy\" decoding=\"async\" width=\"2048\" height=\"1536\" src=\"https:\/\/rebostecologic.com\/wp-content\/uploads\/2025\/09\/494062687_3241678432653654_4519936925030976432_n.jpg\" class=\"elementor-animation-float attachment-full size-full wp-image-104\" alt=\"\" srcset=\"https:\/\/rebostecologic.com\/wp-content\/uploads\/2025\/09\/494062687_3241678432653654_4519936925030976432_n.jpg 2048w, https:\/\/rebostecologic.com\/wp-content\/uploads\/2025\/09\/494062687_3241678432653654_4519936925030976432_n-300x225.jpg 300w, https:\/\/rebostecologic.com\/wp-content\/uploads\/2025\/09\/494062687_3241678432653654_4519936925030976432_n-1024x768.jpg 1024w, https:\/\/rebostecologic.com\/wp-content\/uploads\/2025\/09\/494062687_3241678432653654_4519936925030976432_n-768x576.jpg 768w, https:\/\/rebostecologic.com\/wp-content\/uploads\/2025\/09\/494062687_3241678432653654_4519936925030976432_n-1536x1152.jpg 1536w, https:\/\/rebostecologic.com\/wp-content\/uploads\/2025\/09\/494062687_3241678432653654_4519936925030976432_n-16x12.jpg 16w\" sizes=\"(max-width: 2048px) 100vw, 2048px\" \/>\t\t\t\t\t\t\t\t\t\t\t\t\t\t\t<\/div>\n\t\t\t\t\t<\/div>\n\t\t<\/div>\n\t\t\t\t\t<\/div>\n\t\t<\/section>\n\t\t\t\t<\/div>","protected":false},"excerpt":{"rendered":"<p>Nuestro Servicios La tienda cuenta con diferentes marcas de fitoterapia , Alimentaci\u00f3n y cosm\u00e9tica bio. Se hacen terapias con visita previa de Reiki, kinesiolog\u00eda y terapia floral (Flores de Bach) Cont\u00e1ctanos verduras y frutas Punto de recogida de verdura y fruta ecol\u00f3gica, embutidos, quesos y pan ecol\u00f3gico.<\/p>","protected":false},"author":1,"featured_media":0,"parent":0,"menu_order":0,"comment_status":"closed","ping_status":"closed","template":"elementor_canvas","meta":{"footnotes":""},"class_list":["post-6","page","type-page","status-publish","hentry"],"yoast_head":"<!-- This site is optimized with the Yoast SEO plugin v27.3 - https:\/\/yoast.com\/product\/yoast-seo-wordpress\/ -->\n<title>Servicios - Rebost Ecol\u00f2gic 3<\/title>\n<meta name=\"robots\" content=\"index, follow, max-snippet:-1, max-image-preview:large, max-video-preview:-1\" \/>\n<link rel=\"canonical\" href=\"https:\/\/rebostecologic.com\/en\/servicios\/\" \/>\n<meta property=\"og:locale\" content=\"en_US\" \/>\n<meta property=\"og:type\" content=\"article\" \/>\n<meta property=\"og:title\" content=\"Servicios - Rebost Ecol\u00f2gic 3\" \/>\n<meta property=\"og:description\" content=\"Nuestro Servicios La tienda cuenta con diferentes marcas de fitoterapia , Alimentaci\u00f3n y cosm\u00e9tica bio. Se hacen terapias con visita previa de Reiki, kinesiolog\u00eda y terapia floral (Flores de Bach) Cont\u00e1ctanos verduras y frutas Punto de recogida de verdura y fruta ecol\u00f3gica, embutidos, quesos y pan ecol\u00f3gico.\" \/>\n<meta property=\"og:url\" content=\"https:\/\/rebostecologic.com\/en\/servicios\/\" \/>\n<meta property=\"og:site_name\" content=\"Rebost Ecol\u00f2gic 3\" \/>\n<meta property=\"article:modified_time\" content=\"2025-09-09T09:39:21+00:00\" \/>\n<meta property=\"og:image\" content=\"https:\/\/rebostecologic.com\/wp-content\/uploads\/2025\/09\/unnamed-7.jpg\" \/>\n<meta name=\"twitter:card\" content=\"summary_large_image\" \/>\n<meta name=\"twitter:label1\" content=\"Est. reading time\" \/>\n\t<meta name=\"twitter:data1\" content=\"1 minute\" \/>\n<script type=\"application\/ld+json\" class=\"yoast-schema-graph\">{\"@context\":\"https:\\\/\\\/schema.org\",\"@graph\":[{\"@type\":\"WebPage\",\"@id\":\"https:\\\/\\\/rebostecologic.com\\\/servicios\\\/\",\"url\":\"https:\\\/\\\/rebostecologic.com\\\/servicios\\\/\",\"name\":\"Servicios - Rebost Ecol\u00f2gic 3\",\"isPartOf\":{\"@id\":\"https:\\\/\\\/rebostecologic.com\\\/#website\"},\"primaryImageOfPage\":{\"@id\":\"https:\\\/\\\/rebostecologic.com\\\/servicios\\\/#primaryimage\"},\"image\":{\"@id\":\"https:\\\/\\\/rebostecologic.com\\\/servicios\\\/#primaryimage\"},\"thumbnailUrl\":\"https:\\\/\\\/rebostecologic.com\\\/wp-content\\\/uploads\\\/2025\\\/09\\\/unnamed-7.jpg\",\"datePublished\":\"2025-09-05T13:29:44+00:00\",\"dateModified\":\"2025-09-09T09:39:21+00:00\",\"breadcrumb\":{\"@id\":\"https:\\\/\\\/rebostecologic.com\\\/servicios\\\/#breadcrumb\"},\"inLanguage\":\"en-US\",\"potentialAction\":[{\"@type\":\"ReadAction\",\"target\":[\"https:\\\/\\\/rebostecologic.com\\\/servicios\\\/\"]}]},{\"@type\":\"ImageObject\",\"inLanguage\":\"en-US\",\"@id\":\"https:\\\/\\\/rebostecologic.com\\\/servicios\\\/#primaryimage\",\"url\":\"https:\\\/\\\/rebostecologic.com\\\/wp-content\\\/uploads\\\/2025\\\/09\\\/unnamed-7.jpg\",\"contentUrl\":\"https:\\\/\\\/rebostecologic.com\\\/wp-content\\\/uploads\\\/2025\\\/09\\\/unnamed-7.jpg\"},{\"@type\":\"BreadcrumbList\",\"@id\":\"https:\\\/\\\/rebostecologic.com\\\/servicios\\\/#breadcrumb\",\"itemListElement\":[{\"@type\":\"ListItem\",\"position\":1,\"name\":\"Portada\",\"item\":\"https:\\\/\\\/rebostecologic.com\\\/\"},{\"@type\":\"ListItem\",\"position\":2,\"name\":\"Servicios\"}]},{\"@type\":\"WebSite\",\"@id\":\"https:\\\/\\\/rebostecologic.com\\\/#website\",\"url\":\"https:\\\/\\\/rebostecologic.com\\\/\",\"name\":\"Rebost Ecol\u00f2gic 3\",\"description\":\"Rebost Ecol\u00f2gic 3\",\"publisher\":{\"@id\":\"https:\\\/\\\/rebostecologic.com\\\/#organization\"},\"potentialAction\":[{\"@type\":\"SearchAction\",\"target\":{\"@type\":\"EntryPoint\",\"urlTemplate\":\"https:\\\/\\\/rebostecologic.com\\\/?s={search_term_string}\"},\"query-input\":{\"@type\":\"PropertyValueSpecification\",\"valueRequired\":true,\"valueName\":\"search_term_string\"}}],\"inLanguage\":\"en-US\"},{\"@type\":\"Organization\",\"@id\":\"https:\\\/\\\/rebostecologic.com\\\/#organization\",\"name\":\"Rebost Ecol\u00f2gic 3\",\"url\":\"https:\\\/\\\/rebostecologic.com\\\/\",\"logo\":{\"@type\":\"ImageObject\",\"inLanguage\":\"en-US\",\"@id\":\"https:\\\/\\\/rebostecologic.com\\\/#\\\/schema\\\/logo\\\/image\\\/\",\"url\":\"https:\\\/\\\/rebostecologic.com\\\/wp-content\\\/uploads\\\/2025\\\/09\\\/cropped-3.png\",\"contentUrl\":\"https:\\\/\\\/rebostecologic.com\\\/wp-content\\\/uploads\\\/2025\\\/09\\\/cropped-3.png\",\"width\":500,\"height\":300,\"caption\":\"Rebost Ecol\u00f2gic 3\"},\"image\":{\"@id\":\"https:\\\/\\\/rebostecologic.com\\\/#\\\/schema\\\/logo\\\/image\\\/\"}}]}<\/script>\n<!-- \/ Yoast SEO plugin. -->","yoast_head_json":{"title":"Servicios - Rebost Ecol\u00f2gic 3","robots":{"index":"index","follow":"follow","max-snippet":"max-snippet:-1","max-image-preview":"max-image-preview:large","max-video-preview":"max-video-preview:-1"},"canonical":"https:\/\/rebostecologic.com\/en\/servicios\/","og_locale":"en_US","og_type":"article","og_title":"Servicios - Rebost Ecol\u00f2gic 3","og_description":"Nuestro Servicios La tienda cuenta con diferentes marcas de fitoterapia , Alimentaci\u00f3n y cosm\u00e9tica bio. Se hacen terapias con visita previa de Reiki, kinesiolog\u00eda y terapia floral (Flores de Bach) Cont\u00e1ctanos verduras y frutas Punto de recogida de verdura y fruta ecol\u00f3gica, embutidos, quesos y pan ecol\u00f3gico.","og_url":"https:\/\/rebostecologic.com\/en\/servicios\/","og_site_name":"Rebost Ecol\u00f2gic 3","article_modified_time":"2025-09-09T09:39:21+00:00","og_image":[{"url":"https:\/\/rebostecologic.com\/wp-content\/uploads\/2025\/09\/unnamed-7.jpg","type":"","width":"","height":""}],"twitter_card":"summary_large_image","twitter_misc":{"Est. reading time":"1 minute"},"schema":{"@context":"https:\/\/schema.org","@graph":[{"@type":"WebPage","@id":"https:\/\/rebostecologic.com\/servicios\/","url":"https:\/\/rebostecologic.com\/servicios\/","name":"Servicios - Rebost Ecol\u00f2gic 3","isPartOf":{"@id":"https:\/\/rebostecologic.com\/#website"},"primaryImageOfPage":{"@id":"https:\/\/rebostecologic.com\/servicios\/#primaryimage"},"image":{"@id":"https:\/\/rebostecologic.com\/servicios\/#primaryimage"},"thumbnailUrl":"https:\/\/rebostecologic.com\/wp-content\/uploads\/2025\/09\/unnamed-7.jpg","datePublished":"2025-09-05T13:29:44+00:00","dateModified":"2025-09-09T09:39:21+00:00","breadcrumb":{"@id":"https:\/\/rebostecologic.com\/servicios\/#breadcrumb"},"inLanguage":"en-US","potentialAction":[{"@type":"ReadAction","target":["https:\/\/rebostecologic.com\/servicios\/"]}]},{"@type":"ImageObject","inLanguage":"en-US","@id":"https:\/\/rebostecologic.com\/servicios\/#primaryimage","url":"https:\/\/rebostecologic.com\/wp-content\/uploads\/2025\/09\/unnamed-7.jpg","contentUrl":"https:\/\/rebostecologic.com\/wp-content\/uploads\/2025\/09\/unnamed-7.jpg"},{"@type":"BreadcrumbList","@id":"https:\/\/rebostecologic.com\/servicios\/#breadcrumb","itemListElement":[{"@type":"ListItem","position":1,"name":"Portada","item":"https:\/\/rebostecologic.com\/"},{"@type":"ListItem","position":2,"name":"Servicios"}]},{"@type":"WebSite","@id":"https:\/\/rebostecologic.com\/#website","url":"https:\/\/rebostecologic.com\/","name":"Rebost Ecol\u00f2gic 3","description":"Rebost Ecol\u00f2gic 3","publisher":{"@id":"https:\/\/rebostecologic.com\/#organization"},"potentialAction":[{"@type":"SearchAction","target":{"@type":"EntryPoint","urlTemplate":"https:\/\/rebostecologic.com\/?s={search_term_string}"},"query-input":{"@type":"PropertyValueSpecification","valueRequired":true,"valueName":"search_term_string"}}],"inLanguage":"en-US"},{"@type":"Organization","@id":"https:\/\/rebostecologic.com\/#organization","name":"Rebost Ecol\u00f2gic 3","url":"https:\/\/rebostecologic.com\/","logo":{"@type":"ImageObject","inLanguage":"en-US","@id":"https:\/\/rebostecologic.com\/#\/schema\/logo\/image\/","url":"https:\/\/rebostecologic.com\/wp-content\/uploads\/2025\/09\/cropped-3.png","contentUrl":"https:\/\/rebostecologic.com\/wp-content\/uploads\/2025\/09\/cropped-3.png","width":500,"height":300,"caption":"Rebost Ecol\u00f2gic 3"},"image":{"@id":"https:\/\/rebostecologic.com\/#\/schema\/logo\/image\/"}}]}},"_links":{"self":[{"href":"https:\/\/rebostecologic.com\/en\/wp-json\/wp\/v2\/pages\/6","targetHints":{"allow":["GET"]}}],"collection":[{"href":"https:\/\/rebostecologic.com\/en\/wp-json\/wp\/v2\/pages"}],"about":[{"href":"https:\/\/rebostecologic.com\/en\/wp-json\/wp\/v2\/types\/page"}],"author":[{"embeddable":true,"href":"https:\/\/rebostecologic.com\/en\/wp-json\/wp\/v2\/users\/1"}],"replies":[{"embeddable":true,"href":"https:\/\/rebostecologic.com\/en\/wp-json\/wp\/v2\/comments?post=6"}],"version-history":[{"count":55,"href":"https:\/\/rebostecologic.com\/en\/wp-json\/wp\/v2\/pages\/6\/revisions"}],"predecessor-version":[{"id":437,"href":"https:\/\/rebostecologic.com\/en\/wp-json\/wp\/v2\/pages\/6\/revisions\/437"}],"wp:attachment":[{"href":"https:\/\/rebostecologic.com\/en\/wp-json\/wp\/v2\/media?parent=6"}],"curies":[{"name":"wp","href":"https:\/\/api.w.org\/{rel}","templated":true}]}}